{"id":305,"date":"2018-04-17T19:08:49","date_gmt":"2018-04-17T17:08:49","guid":{"rendered":"http:\/\/moreno-mata.com\/?page_id=305"},"modified":"2018-04-17T19:08:49","modified_gmt":"2018-04-17T17:08:49","slug":"moreno-mata-visual-artist","status":"publish","type":"page","link":"https:\/\/moreno-mata.com\/en\/","title":{"rendered":"Moreno-Mata, visual artist"},"content":{"rendered":"<p>Rafael Moreno-Mata, a visual artist born in V\u00e9lez-M\u00e1laga in 1972, starts circumstantially in painting at the beginning of the 21st century with Antonio Garc\u00eda and together they receive classes from Hijano Conde. Later he is very influenced by the work of Francisco Hern\u00e1ndez with whom he will maintain friendship until the death of the Master. After winning some prizes like an Honorable Mention at the XIII Benamocarra International Painting Prize, the first painting prize &#8220;Villa de Torrox 2011&#8221; or the first prize for outdoor painting &#8220;Juan Jurado Lorca 2011&#8221; from V\u00e9lez-M\u00e1laga he had his first solo exhibition at the City Council of V\u00e9lez-M\u00e1laga in August 2012 with the title &#8220;UNEXPECTED ART&#8221; with great success of critics and audiences. It is then when he decides to start his career as a painter in a more professional way and performs 18 more exhibitions in the following two years, some of them together with the photographer and artist Alejandro Mart\u00edn Parra as the one titled &#8220;ElReflejoUrbano&#8221; in the tourist office of Torre del Mar in 2013. That same year, together with other collaborators, he founded the cultural association ElArteInesperado of which he is President. The production of that period includes urban landscapes, portraits and some abstract oil paintings wrapped in a unique and characteristic atmosphere of the author. From 2014 onwards his works and exhibitions are mostly focused on Urban Art and the creation of stencils in which he captures his passion for cinema, comics and old vehicles. At present, Moreno-Mata exports its works to 26 European countries through E-commerce.<\/p>\n","protected":false},"excerpt":{"rendered":"<p>Rafael Moreno-Mata, a visual artist born in V\u00e9lez-M\u00e1laga in 1972, starts circumstantially in painting at the beginning of the 21st century with Antonio Garc\u00eda and together they receive classes from Hijano Conde. Later he is very influenced by the work of Francisco Hern\u00e1ndez with whom he will maintain friendship until the death of the Master. &hellip; <\/p>\n<p class=\"link-more\"><a href=\"https:\/\/moreno-mata.com\/en\/\" class=\"more-link\">Continue reading<span class=\"screen-reader-text\"> &#8220;Moreno-Mata, visual artist&#8221;<\/span><\/a><\/p>\n","protected":false},"author":1,"featured_media":0,"parent":0,"menu_order":0,"comment_status":"closed","ping_status":"open","template":"","meta":{"footnotes":""},"class_list":["post-305","page","type-page","status-publish","hentry"],"yoast_head":"<!-- This site is optimized with the Yoast SEO plugin v26.5 - https:\/\/yoast.com\/wordpress\/plugins\/seo\/ -->\n<title>Moreno-Mata, visual artist - Moreno-Mata<\/title>\n<meta name=\"robots\" content=\"index, follow, max-snippet:-1, max-image-preview:large, max-video-preview:-1\" \/>\n<link rel=\"canonical\" href=\"https:\/\/moreno-mata.com\/en\/\" \/>\n<meta property=\"og:locale\" content=\"en_US\" \/>\n<meta property=\"og:type\" content=\"article\" \/>\n<meta property=\"og:title\" content=\"Moreno-Mata, visual artist - Moreno-Mata\" \/>\n<meta property=\"og:description\" content=\"Rafael Moreno-Mata, a visual artist born in V\u00e9lez-M\u00e1laga in 1972, starts circumstantially in painting at the beginning of the 21st century with Antonio Garc\u00eda and together they receive classes from Hijano Conde. Later he is very influenced by the work of Francisco Hern\u00e1ndez with whom he will maintain friendship until the death of the Master. &hellip; Continue reading &quot;Moreno-Mata, visual artist&quot;\" \/>\n<meta property=\"og:url\" content=\"https:\/\/moreno-mata.com\/en\/\" \/>\n<meta property=\"og:site_name\" content=\"Moreno-Mata\" \/>\n<meta name=\"twitter:label1\" content=\"Est. reading time\" \/>\n\t<meta name=\"twitter:data1\" content=\"1 minute\" \/>\n<script type=\"application\/ld+json\" class=\"yoast-schema-graph\">{\"@context\":\"https:\/\/schema.org\",\"@graph\":[{\"@type\":\"WebPage\",\"@id\":\"https:\/\/moreno-mata.com\/en\/\",\"url\":\"https:\/\/moreno-mata.com\/en\/\",\"name\":\"Moreno-Mata, visual artist - Moreno-Mata\",\"isPartOf\":{\"@id\":\"https:\/\/moreno-mata.com\/#website\"},\"datePublished\":\"2018-04-17T17:08:49+00:00\",\"breadcrumb\":{\"@id\":\"https:\/\/moreno-mata.com\/en\/#breadcrumb\"},\"inLanguage\":\"en-US\",\"potentialAction\":[{\"@type\":\"ReadAction\",\"target\":[\"https:\/\/moreno-mata.com\/en\/\"]}]},{\"@type\":\"BreadcrumbList\",\"@id\":\"https:\/\/moreno-mata.com\/en\/#breadcrumb\",\"itemListElement\":[{\"@type\":\"ListItem\",\"position\":1,\"name\":\"Home\",\"item\":\"https:\/\/moreno-mata.com\/en\/\"},{\"@type\":\"ListItem\",\"position\":2,\"name\":\"Moreno-Mata, visual artist\"}]},{\"@type\":\"WebSite\",\"@id\":\"https:\/\/moreno-mata.com\/#website\",\"url\":\"https:\/\/moreno-mata.com\/\",\"name\":\"Moreno-Mata\",\"description\":\"Visual Artist\",\"publisher\":{\"@id\":\"https:\/\/moreno-mata.com\/#organization\"},\"potentialAction\":[{\"@type\":\"SearchAction\",\"target\":{\"@type\":\"EntryPoint\",\"urlTemplate\":\"https:\/\/moreno-mata.com\/?s={search_term_string}\"},\"query-input\":{\"@type\":\"PropertyValueSpecification\",\"valueRequired\":true,\"valueName\":\"search_term_string\"}}],\"inLanguage\":\"en-US\"},{\"@type\":\"Organization\",\"@id\":\"https:\/\/moreno-mata.com\/#organization\",\"name\":\"Moreno-Mata\",\"url\":\"https:\/\/moreno-mata.com\/\",\"logo\":{\"@type\":\"ImageObject\",\"inLanguage\":\"en-US\",\"@id\":\"https:\/\/moreno-mata.com\/#\/schema\/logo\/image\/\",\"url\":\"https:\/\/moreno-mata.com\/wp-content\/uploads\/Moreno-Mata-logo-250.png\",\"contentUrl\":\"https:\/\/moreno-mata.com\/wp-content\/uploads\/Moreno-Mata-logo-250.png\",\"width\":250,\"height\":250,\"caption\":\"Moreno-Mata\"},\"image\":{\"@id\":\"https:\/\/moreno-mata.com\/#\/schema\/logo\/image\/\"}}]}<\/script>\n<!-- \/ Yoast SEO plugin. -->","yoast_head_json":{"title":"Moreno-Mata, visual artist - Moreno-Mata","robots":{"index":"index","follow":"follow","max-snippet":"max-snippet:-1","max-image-preview":"max-image-preview:large","max-video-preview":"max-video-preview:-1"},"canonical":"https:\/\/moreno-mata.com\/en\/","og_locale":"en_US","og_type":"article","og_title":"Moreno-Mata, visual artist - Moreno-Mata","og_description":"Rafael Moreno-Mata, a visual artist born in V\u00e9lez-M\u00e1laga in 1972, starts circumstantially in painting at the beginning of the 21st century with Antonio Garc\u00eda and together they receive classes from Hijano Conde. Later he is very influenced by the work of Francisco Hern\u00e1ndez with whom he will maintain friendship until the death of the Master. &hellip; Continue reading \"Moreno-Mata, visual artist\"","og_url":"https:\/\/moreno-mata.com\/en\/","og_site_name":"Moreno-Mata","twitter_misc":{"Est. reading time":"1 minute"},"schema":{"@context":"https:\/\/schema.org","@graph":[{"@type":"WebPage","@id":"https:\/\/moreno-mata.com\/en\/","url":"https:\/\/moreno-mata.com\/en\/","name":"Moreno-Mata, visual artist - Moreno-Mata","isPartOf":{"@id":"https:\/\/moreno-mata.com\/#website"},"datePublished":"2018-04-17T17:08:49+00:00","breadcrumb":{"@id":"https:\/\/moreno-mata.com\/en\/#breadcrumb"},"inLanguage":"en-US","potentialAction":[{"@type":"ReadAction","target":["https:\/\/moreno-mata.com\/en\/"]}]},{"@type":"BreadcrumbList","@id":"https:\/\/moreno-mata.com\/en\/#breadcrumb","itemListElement":[{"@type":"ListItem","position":1,"name":"Home","item":"https:\/\/moreno-mata.com\/en\/"},{"@type":"ListItem","position":2,"name":"Moreno-Mata, visual artist"}]},{"@type":"WebSite","@id":"https:\/\/moreno-mata.com\/#website","url":"https:\/\/moreno-mata.com\/","name":"Moreno-Mata","description":"Visual Artist","publisher":{"@id":"https:\/\/moreno-mata.com\/#organization"},"potentialAction":[{"@type":"SearchAction","target":{"@type":"EntryPoint","urlTemplate":"https:\/\/moreno-mata.com\/?s={search_term_string}"},"query-input":{"@type":"PropertyValueSpecification","valueRequired":true,"valueName":"search_term_string"}}],"inLanguage":"en-US"},{"@type":"Organization","@id":"https:\/\/moreno-mata.com\/#organization","name":"Moreno-Mata","url":"https:\/\/moreno-mata.com\/","logo":{"@type":"ImageObject","inLanguage":"en-US","@id":"https:\/\/moreno-mata.com\/#\/schema\/logo\/image\/","url":"https:\/\/moreno-mata.com\/wp-content\/uploads\/Moreno-Mata-logo-250.png","contentUrl":"https:\/\/moreno-mata.com\/wp-content\/uploads\/Moreno-Mata-logo-250.png","width":250,"height":250,"caption":"Moreno-Mata"},"image":{"@id":"https:\/\/moreno-mata.com\/#\/schema\/logo\/image\/"}}]}},"jetpack_sharing_enabled":true,"_links":{"self":[{"href":"https:\/\/moreno-mata.com\/en\/wp-json\/wp\/v2\/pages\/305","targetHints":{"allow":["GET"]}}],"collection":[{"href":"https:\/\/moreno-mata.com\/en\/wp-json\/wp\/v2\/pages"}],"about":[{"href":"https:\/\/moreno-mata.com\/en\/wp-json\/wp\/v2\/types\/page"}],"author":[{"embeddable":true,"href":"https:\/\/moreno-mata.com\/en\/wp-json\/wp\/v2\/users\/1"}],"replies":[{"embeddable":true,"href":"https:\/\/moreno-mata.com\/en\/wp-json\/wp\/v2\/comments?post=305"}],"version-history":[{"count":1,"href":"https:\/\/moreno-mata.com\/en\/wp-json\/wp\/v2\/pages\/305\/revisions"}],"predecessor-version":[{"id":306,"href":"https:\/\/moreno-mata.com\/en\/wp-json\/wp\/v2\/pages\/305\/revisions\/306"}],"wp:attachment":[{"href":"https:\/\/moreno-mata.com\/en\/wp-json\/wp\/v2\/media?parent=305"}],"curies":[{"name":"wp","href":"https:\/\/api.w.org\/{rel}","templated":true}]}}