{"id":318,"date":"2018-04-17T19:24:40","date_gmt":"2018-04-17T17:24:40","guid":{"rendered":"http:\/\/moreno-mata.com\/?page_id=318"},"modified":"2018-04-17T19:24:40","modified_gmt":"2018-04-17T17:24:40","slug":"resume","status":"publish","type":"page","link":"https:\/\/moreno-mata.com\/en\/resume\/","title":{"rendered":"Resume"},"content":{"rendered":"<ul>\n<li>Oct 2017 &#8211; Individual exhibition Retrospective at Galer\u00eda de Arte 21 in V\u00e9lez-M\u00e1laga.<\/li>\n<li>Nov 2014 &#8211; Solo exhibition Entropy, the architecture of time in Mahatma Showroom in Malaga.<\/li>\n<li>Sep 2014 &#8211; Solo exhibition Mechanical beasts in the post office of V\u00e9lez-M\u00e1laga.<\/li>\n<li>Aug 2014 &#8211; Individual exhibition The infinite art in the Mare Nostrum Room of Cala del Moral.<\/li>\n<li>2014 &#8211; Individual exhibition in Sala Cipriano Maldonado of Torre del Mar &#8220;Bit\u00e1cora&#8221;<\/li>\n<li>2013 &#8211; Exhibition of A. C. ElArteInesperado in Axarqu\u00eda Regional Hospital &#8220;Double session&#8221;<\/li>\n<li>2013 &#8211; Individual exhibition in Las Claras de V\u00e9lez-M\u00e1laga Convent &#8220;Art Invader&#8221;<\/li>\n<li>2013 &#8211; 1st Prize poster &#8220;D\u00eda del n\u00edspero&#8221; by Sayalonga<\/li>\n<li>2013 &#8211; 1st Prize IV Painting Contest Evaristo Guerra<\/li>\n<li>2013 &#8211; Exhibition of A. C. ElArteInesperado in Torre del Mar Tourist Office &#8220;ElReflejoUrbano&#8221;<\/li>\n<li>2013 &#8211; 1st Prize painting Hermita Los Pepones (V\u00e9lez-M\u00e1laga)<\/li>\n<li>2013 &#8211; Individual exhibition at Hospital Axarqu\u00eda &#8220;The revealed work&#8221;<\/li>\n<li>2012 &#8211; Individual exhibition in the Town Hall of V\u00e9lez-M\u00e1laga &#8220;Elarteinesperado&#8221;<\/li>\n<li>2012 &#8211; Joint exhibition with the artist Antonio Dominguez &#8220;Two strokes and a blur&#8221;, at the Jorge Guill\u00e9n Institute, Torrox<\/li>\n<li>2011 &#8211; 1st Prize outdoor painting &#8220;Juan Jurado Lorca&#8221; (V\u00e9lez-M\u00e1laga)<\/li>\n<li>2011 &#8211; 1st Painting Prize &#8220;Villa de Torrox&#8221;<\/li>\n<li>2011 &#8211; 1st Prize Poster Competition of the Saetas Contest<\/li>\n<li>2010 &#8211; Honorable Mention XIII Benamocarra International Painting Prize<\/li>\n<li>2009 &#8211; 2nd Painting Prize &#8220;Villa de Torrox&#8221;<\/li>\n<li>2008 &#8211; Poster of the Santiago and Santa Ana Fair of Torre del Mar<\/li>\n<li>2007 &#8211; Cartel announcing the Romer\u00eda de Cabrillas (V\u00e9lez-M\u00e1laga)<\/li>\n<li>2007 &#8211; Collective Exhibition Municipality of Torre del Mar<\/li>\n<li>2007 &#8211; 2nd Prize Painting Contest Evaristo Guerra (Arenas)<\/li>\n<li>2006 &#8211; Collective exhibition Palacios de congresos (M\u00e1laga)<\/li>\n<li>2006 &#8211; Honorable Mention Plastic Arts Contest of Fuengirola<\/li>\n<li>2006 &#8211; Collective exhibition Teatro el Carmen (V\u00e9lez-M\u00e1laga)<\/li>\n<li>2004 &#8211; 1st local award painting &#8220;Juan Jurado Lorca&#8221; (V\u00e9lez-M\u00e1laga)<\/li>\n<li>2003 &#8211; Collective exhibition Casa Larios (Torre del Mar)<\/li>\n<li>2003 &#8211; Collective exhibition Pablo Ruiz Gallery (M\u00e1laga)<\/li>\n<\/ul>\n","protected":false},"excerpt":{"rendered":"<p>Oct 2017 &#8211; Individual exhibition Retrospective at Galer\u00eda de Arte 21 in V\u00e9lez-M\u00e1laga. Nov 2014 &#8211; Solo exhibition Entropy, the architecture of time in Mahatma Showroom in Malaga. Sep 2014 &#8211; Solo exhibition Mechanical beasts in the post office of V\u00e9lez-M\u00e1laga. Aug 2014 &#8211; Individual exhibition The infinite art in the Mare Nostrum Room of &hellip; <\/p>\n<p class=\"link-more\"><a href=\"https:\/\/moreno-mata.com\/en\/resume\/\" class=\"more-link\">Continue reading<span class=\"screen-reader-text\"> &#8220;Resume&#8221;<\/span><\/a><\/p>\n","protected":false},"author":1,"featured_media":0,"parent":0,"menu_order":0,"comment_status":"closed","ping_status":"open","template":"","meta":{"footnotes":""},"class_list":["post-318","page","type-page","status-publish","hentry"],"yoast_head":"<!-- This site is optimized with the Yoast SEO plugin v26.5 - https:\/\/yoast.com\/wordpress\/plugins\/seo\/ -->\n<title>Resume - Moreno-Mata<\/title>\n<meta name=\"robots\" content=\"index, follow, max-snippet:-1, max-image-preview:large, max-video-preview:-1\" \/>\n<link rel=\"canonical\" href=\"https:\/\/moreno-mata.com\/en\/resume\/\" \/>\n<meta property=\"og:locale\" content=\"en_US\" \/>\n<meta property=\"og:type\" content=\"article\" \/>\n<meta property=\"og:title\" content=\"Resume - Moreno-Mata\" \/>\n<meta property=\"og:description\" content=\"Oct 2017 &#8211; Individual exhibition Retrospective at Galer\u00eda de Arte 21 in V\u00e9lez-M\u00e1laga. Nov 2014 &#8211; Solo exhibition Entropy, the architecture of time in Mahatma Showroom in Malaga. Sep 2014 &#8211; Solo exhibition Mechanical beasts in the post office of V\u00e9lez-M\u00e1laga. Aug 2014 &#8211; Individual exhibition The infinite art in the Mare Nostrum Room of &hellip; Continue reading &quot;Resume&quot;\" \/>\n<meta property=\"og:url\" content=\"https:\/\/moreno-mata.com\/en\/resume\/\" \/>\n<meta property=\"og:site_name\" content=\"Moreno-Mata\" \/>\n<meta name=\"twitter:label1\" content=\"Est. reading time\" \/>\n\t<meta name=\"twitter:data1\" content=\"2 minutes\" \/>\n<script type=\"application\/ld+json\" class=\"yoast-schema-graph\">{\"@context\":\"https:\/\/schema.org\",\"@graph\":[{\"@type\":\"WebPage\",\"@id\":\"https:\/\/moreno-mata.com\/en\/resume\/\",\"url\":\"https:\/\/moreno-mata.com\/en\/resume\/\",\"name\":\"Resume - Moreno-Mata\",\"isPartOf\":{\"@id\":\"https:\/\/moreno-mata.com\/#website\"},\"datePublished\":\"2018-04-17T17:24:40+00:00\",\"breadcrumb\":{\"@id\":\"https:\/\/moreno-mata.com\/en\/resume\/#breadcrumb\"},\"inLanguage\":\"en-US\",\"potentialAction\":[{\"@type\":\"ReadAction\",\"target\":[\"https:\/\/moreno-mata.com\/en\/resume\/\"]}]},{\"@type\":\"BreadcrumbList\",\"@id\":\"https:\/\/moreno-mata.com\/en\/resume\/#breadcrumb\",\"itemListElement\":[{\"@type\":\"ListItem\",\"position\":1,\"name\":\"Home\",\"item\":\"https:\/\/moreno-mata.com\/en\/\"},{\"@type\":\"ListItem\",\"position\":2,\"name\":\"Resume\"}]},{\"@type\":\"WebSite\",\"@id\":\"https:\/\/moreno-mata.com\/#website\",\"url\":\"https:\/\/moreno-mata.com\/\",\"name\":\"Moreno-Mata\",\"description\":\"Visual Artist\",\"publisher\":{\"@id\":\"https:\/\/moreno-mata.com\/#organization\"},\"potentialAction\":[{\"@type\":\"SearchAction\",\"target\":{\"@type\":\"EntryPoint\",\"urlTemplate\":\"https:\/\/moreno-mata.com\/?s={search_term_string}\"},\"query-input\":{\"@type\":\"PropertyValueSpecification\",\"valueRequired\":true,\"valueName\":\"search_term_string\"}}],\"inLanguage\":\"en-US\"},{\"@type\":\"Organization\",\"@id\":\"https:\/\/moreno-mata.com\/#organization\",\"name\":\"Moreno-Mata\",\"url\":\"https:\/\/moreno-mata.com\/\",\"logo\":{\"@type\":\"ImageObject\",\"inLanguage\":\"en-US\",\"@id\":\"https:\/\/moreno-mata.com\/#\/schema\/logo\/image\/\",\"url\":\"https:\/\/moreno-mata.com\/wp-content\/uploads\/Moreno-Mata-logo-250.png\",\"contentUrl\":\"https:\/\/moreno-mata.com\/wp-content\/uploads\/Moreno-Mata-logo-250.png\",\"width\":250,\"height\":250,\"caption\":\"Moreno-Mata\"},\"image\":{\"@id\":\"https:\/\/moreno-mata.com\/#\/schema\/logo\/image\/\"}}]}<\/script>\n<!-- \/ Yoast SEO plugin. -->","yoast_head_json":{"title":"Resume - Moreno-Mata","robots":{"index":"index","follow":"follow","max-snippet":"max-snippet:-1","max-image-preview":"max-image-preview:large","max-video-preview":"max-video-preview:-1"},"canonical":"https:\/\/moreno-mata.com\/en\/resume\/","og_locale":"en_US","og_type":"article","og_title":"Resume - Moreno-Mata","og_description":"Oct 2017 &#8211; Individual exhibition Retrospective at Galer\u00eda de Arte 21 in V\u00e9lez-M\u00e1laga. Nov 2014 &#8211; Solo exhibition Entropy, the architecture of time in Mahatma Showroom in Malaga. Sep 2014 &#8211; Solo exhibition Mechanical beasts in the post office of V\u00e9lez-M\u00e1laga. Aug 2014 &#8211; Individual exhibition The infinite art in the Mare Nostrum Room of &hellip; Continue reading \"Resume\"","og_url":"https:\/\/moreno-mata.com\/en\/resume\/","og_site_name":"Moreno-Mata","twitter_misc":{"Est. reading time":"2 minutes"},"schema":{"@context":"https:\/\/schema.org","@graph":[{"@type":"WebPage","@id":"https:\/\/moreno-mata.com\/en\/resume\/","url":"https:\/\/moreno-mata.com\/en\/resume\/","name":"Resume - Moreno-Mata","isPartOf":{"@id":"https:\/\/moreno-mata.com\/#website"},"datePublished":"2018-04-17T17:24:40+00:00","breadcrumb":{"@id":"https:\/\/moreno-mata.com\/en\/resume\/#breadcrumb"},"inLanguage":"en-US","potentialAction":[{"@type":"ReadAction","target":["https:\/\/moreno-mata.com\/en\/resume\/"]}]},{"@type":"BreadcrumbList","@id":"https:\/\/moreno-mata.com\/en\/resume\/#breadcrumb","itemListElement":[{"@type":"ListItem","position":1,"name":"Home","item":"https:\/\/moreno-mata.com\/en\/"},{"@type":"ListItem","position":2,"name":"Resume"}]},{"@type":"WebSite","@id":"https:\/\/moreno-mata.com\/#website","url":"https:\/\/moreno-mata.com\/","name":"Moreno-Mata","description":"Visual Artist","publisher":{"@id":"https:\/\/moreno-mata.com\/#organization"},"potentialAction":[{"@type":"SearchAction","target":{"@type":"EntryPoint","urlTemplate":"https:\/\/moreno-mata.com\/?s={search_term_string}"},"query-input":{"@type":"PropertyValueSpecification","valueRequired":true,"valueName":"search_term_string"}}],"inLanguage":"en-US"},{"@type":"Organization","@id":"https:\/\/moreno-mata.com\/#organization","name":"Moreno-Mata","url":"https:\/\/moreno-mata.com\/","logo":{"@type":"ImageObject","inLanguage":"en-US","@id":"https:\/\/moreno-mata.com\/#\/schema\/logo\/image\/","url":"https:\/\/moreno-mata.com\/wp-content\/uploads\/Moreno-Mata-logo-250.png","contentUrl":"https:\/\/moreno-mata.com\/wp-content\/uploads\/Moreno-Mata-logo-250.png","width":250,"height":250,"caption":"Moreno-Mata"},"image":{"@id":"https:\/\/moreno-mata.com\/#\/schema\/logo\/image\/"}}]}},"jetpack_sharing_enabled":true,"_links":{"self":[{"href":"https:\/\/moreno-mata.com\/en\/wp-json\/wp\/v2\/pages\/318","targetHints":{"allow":["GET"]}}],"collection":[{"href":"https:\/\/moreno-mata.com\/en\/wp-json\/wp\/v2\/pages"}],"about":[{"href":"https:\/\/moreno-mata.com\/en\/wp-json\/wp\/v2\/types\/page"}],"author":[{"embeddable":true,"href":"https:\/\/moreno-mata.com\/en\/wp-json\/wp\/v2\/users\/1"}],"replies":[{"embeddable":true,"href":"https:\/\/moreno-mata.com\/en\/wp-json\/wp\/v2\/comments?post=318"}],"version-history":[{"count":1,"href":"https:\/\/moreno-mata.com\/en\/wp-json\/wp\/v2\/pages\/318\/revisions"}],"predecessor-version":[{"id":319,"href":"https:\/\/moreno-mata.com\/en\/wp-json\/wp\/v2\/pages\/318\/revisions\/319"}],"wp:attachment":[{"href":"https:\/\/moreno-mata.com\/en\/wp-json\/wp\/v2\/media?parent=318"}],"curies":[{"name":"wp","href":"https:\/\/api.w.org\/{rel}","templated":true}]}}